{"id":119,"date":"2022-08-11T12:14:05","date_gmt":"2022-08-11T10:14:05","guid":{"rendered":"https:\/\/nextbike-live.pluspol-networks.de\/slatina\/protejarea-datelor\/"},"modified":"2023-11-20T12:44:25","modified_gmt":"2023-11-20T11:44:25","slug":"confidentialitate","status":"publish","type":"page","link":"https:\/\/www.sloboziabikecity.ro\/ro\/confidentialitate\/","title":{"rendered":"Confiden\u021bialitate"},"content":{"rendered":"<div class=\"wpb-content-wrapper\"><p>[vc_row][vc_column][vc_column_text]<div class=\"ppi_privacy ppi_content\"><h1>Politica de confiden\u021bialitate<\/h1>\n<p><strong>Numele \u0219i adresa persoanei responsabile<\/strong><\/p>\n<p>Persoana responsabil\u0103 \u00een sensul Regulamentului de baz\u0103 privind protec\u021bia datelor \u0219i al altor legi na\u021bionale privind protec\u021bia datelor din statele membre, precum \u0219i al altor dispozi\u021bii privind protec\u021bia datelor este:<\/p>\n<p>Primaria Municipiului Slobozia<br \/>\nStr. Episcopiei, 1<br \/>\n920023 Slobozia<\/p>\n<p>Lu\u0103m foarte \u00een serios protec\u021bia datelor dumneavoastr\u0103 personale \u0219i trat\u0103m datele dumneavoastr\u0103 personale \u00een mod confiden\u021bial \u0219i \u00een conformitate cu reglement\u0103rile legale privind protec\u021bia datelor \u0219i cu aceast\u0103 politic\u0103 de confiden\u021bialitate.<\/p>\n<p>Utilizarea website-urilor noastre este posibil\u0103 f\u0103r\u0103 a furniza date cu caracter personal. \u00cen m\u0103sura \u00een care pe paginile noastre se colecteaz\u0103 date cu caracter personal (de exemplu, nume, adres\u0103 sau adrese de e-mail), acest lucru se face \u00eentotdeauna, \u00een m\u0103sura \u00een care este posibil, pe baz\u0103 de consim\u021b\u0103m\u00e2nt. Aceste date nu vor fi transmise unor ter\u021be p\u0103r\u021bi f\u0103r\u0103 consim\u021b\u0103m\u00e2ntul dumneavoastr\u0103.<\/p>\n<p>Atragem aten\u021bia asupra faptului c\u0103 transmiterea de date pe internet (de exemplu, comunicarea prin e-mail) poate fi supus\u0103 unor lacune de securitate. Nu este posibil\u0103 o protec\u021bie complet\u0103 a datelor \u00eempotriva accesului unor ter\u021bi. \u00cen acest sens, urm\u0103toarele reglement\u0103ri v\u0103 informeaz\u0103 cu privire la tipul, domeniul de aplicare \u0219i scopul colect\u0103rii, utiliz\u0103rii \u0219i prelucr\u0103rii datelor cu caracter personal de c\u0103tre furnizor.<\/p>\n<p><a href=\"#\">Efectua\u021bi set\u0103rile individuale de protec\u021bie a datelor.<\/a><\/p>\n<h4 class=\"ppi_download_headline\"> <\/h4><div class=\"ppi_download_row ppi_row\"><div class=\"ppi_download_col ppi_col-md-6\"><p class=\"ppi_download_desc\">Politica de confiden\u021bialitate pentru Slobozia Bikecity (RO)<\/p><a aria-label=\"Se deschide \u00eentr-o fil\u0103 nou\u0103\" href=\"https:\/\/www.sloboziabikecity.ro\/wp-content\/uploads\/sites\/85\/2024\/04\/Privacy-Policy_RO_Sloboziabikecity.pdf\" target=\"_blank\" class=\"ppi_download_link\"><strong>Descarc\u0103<\/strong><\/a><\/div><div class=\"ppi_download_col ppi_col-md-6\"><p class=\"ppi_download_desc\">Privacy Policy for Slobozia Bikecity (EN)<\/p><a aria-label=\"Se deschide \u00eentr-o fil\u0103 nou\u0103\" href=\"https:\/\/www.sloboziabikecity.ro\/wp-content\/uploads\/sites\/85\/2024\/04\/Privacy-Policy_EN_Sloboziabikecity.pdf\" target=\"_blank\" class=\"ppi_download_link\"><strong>Descarc\u0103<\/strong><\/a><\/div><\/div><\/div>[\/vc_column_text][\/vc_column][\/vc_row]<\/p>\n<\/div>","protected":false},"excerpt":{"rendered":"<p>[vc_row][vc_column][vc_column_text][\/vc_column_text][\/vc_column][\/vc_row]<\/p>\n","protected":false},"author":5,"featured_media":0,"parent":0,"menu_order":0,"comment_status":"closed","ping_status":"closed","template":"page-bubble.php","meta":{"_acf_changed":false,"inline_featured_image":false,"footnotes":""},"class_list":["post-119","page","type-page","status-publish","hentry"],"acf":[],"yoast_head":"<!-- This site is optimized with the Yoast SEO plugin v27.2 - https:\/\/yoast.com\/product\/yoast-seo-wordpress\/ -->\n<title>Confiden\u021bialitate - Sloboziabikecity<\/title>\n<meta name=\"robots\" content=\"index, follow, max-snippet:-1, max-image-preview:large, max-video-preview:-1\" \/>\n<link rel=\"canonical\" href=\"https:\/\/www.sloboziabikecity.ro\/ro\/confidentialitate\/\" \/>\n<meta property=\"og:locale\" content=\"ro_RO\" \/>\n<meta property=\"og:type\" content=\"article\" \/>\n<meta property=\"og:title\" content=\"Confiden\u021bialitate - Sloboziabikecity\" \/>\n<meta property=\"og:description\" content=\"[vc_row][vc_column][vc_column_text][\/vc_column_text][\/vc_column][\/vc_row]\" \/>\n<meta property=\"og:url\" content=\"https:\/\/www.sloboziabikecity.ro\/ro\/confidentialitate\/\" \/>\n<meta property=\"og:site_name\" content=\"Sloboziabikecity\" \/>\n<meta property=\"article:modified_time\" content=\"2023-11-20T11:44:25+00:00\" \/>\n<meta name=\"twitter:card\" content=\"summary_large_image\" \/>\n<meta name=\"twitter:label1\" content=\"Timp estimat pentru citire\" \/>\n\t<meta name=\"twitter:data1\" content=\"1 minut\" \/>\n<script type=\"application\/ld+json\" class=\"yoast-schema-graph\">{\"@context\":\"https:\/\/schema.org\",\"@graph\":[{\"@type\":\"WebPage\",\"@id\":\"https:\/\/www.sloboziabikecity.ro\/ro\/confidentialitate\/\",\"url\":\"https:\/\/www.sloboziabikecity.ro\/ro\/confidentialitate\/\",\"name\":\"Confiden\u021bialitate - Sloboziabikecity\",\"isPartOf\":{\"@id\":\"https:\/\/www.sloboziabikecity.ro\/ro\/#website\"},\"datePublished\":\"2022-08-11T10:14:05+00:00\",\"dateModified\":\"2023-11-20T11:44:25+00:00\",\"breadcrumb\":{\"@id\":\"https:\/\/www.sloboziabikecity.ro\/ro\/confidentialitate\/#breadcrumb\"},\"inLanguage\":\"ro-RO\",\"potentialAction\":[{\"@type\":\"ReadAction\",\"target\":[\"https:\/\/www.sloboziabikecity.ro\/ro\/confidentialitate\/\"]}]},{\"@type\":\"BreadcrumbList\",\"@id\":\"https:\/\/www.sloboziabikecity.ro\/ro\/confidentialitate\/#breadcrumb\",\"itemListElement\":[{\"@type\":\"ListItem\",\"position\":1,\"name\":\"Startseite\",\"item\":\"https:\/\/www.sloboziabikecity.ro\/ro\/\"},{\"@type\":\"ListItem\",\"position\":2,\"name\":\"Confiden\u021bialitate\"}]},{\"@type\":\"WebSite\",\"@id\":\"https:\/\/www.sloboziabikecity.ro\/ro\/#website\",\"url\":\"https:\/\/www.sloboziabikecity.ro\/ro\/\",\"name\":\"Sloboziabikecity\",\"description\":\"Eine weitere Nextbike Websites Website\",\"potentialAction\":[{\"@type\":\"SearchAction\",\"target\":{\"@type\":\"EntryPoint\",\"urlTemplate\":\"https:\/\/www.sloboziabikecity.ro\/ro\/?s={search_term_string}\"},\"query-input\":{\"@type\":\"PropertyValueSpecification\",\"valueRequired\":true,\"valueName\":\"search_term_string\"}}],\"inLanguage\":\"ro-RO\"}]}<\/script>\n<!-- \/ Yoast SEO plugin. -->","yoast_head_json":{"title":"Confiden\u021bialitate - Sloboziabikecity","robots":{"index":"index","follow":"follow","max-snippet":"max-snippet:-1","max-image-preview":"max-image-preview:large","max-video-preview":"max-video-preview:-1"},"canonical":"https:\/\/www.sloboziabikecity.ro\/ro\/confidentialitate\/","og_locale":"ro_RO","og_type":"article","og_title":"Confiden\u021bialitate - Sloboziabikecity","og_description":"[vc_row][vc_column][vc_column_text][\/vc_column_text][\/vc_column][\/vc_row]","og_url":"https:\/\/www.sloboziabikecity.ro\/ro\/confidentialitate\/","og_site_name":"Sloboziabikecity","article_modified_time":"2023-11-20T11:44:25+00:00","twitter_card":"summary_large_image","twitter_misc":{"Timp estimat pentru citire":"1 minut"},"schema":{"@context":"https:\/\/schema.org","@graph":[{"@type":"WebPage","@id":"https:\/\/www.sloboziabikecity.ro\/ro\/confidentialitate\/","url":"https:\/\/www.sloboziabikecity.ro\/ro\/confidentialitate\/","name":"Confiden\u021bialitate - Sloboziabikecity","isPartOf":{"@id":"https:\/\/www.sloboziabikecity.ro\/ro\/#website"},"datePublished":"2022-08-11T10:14:05+00:00","dateModified":"2023-11-20T11:44:25+00:00","breadcrumb":{"@id":"https:\/\/www.sloboziabikecity.ro\/ro\/confidentialitate\/#breadcrumb"},"inLanguage":"ro-RO","potentialAction":[{"@type":"ReadAction","target":["https:\/\/www.sloboziabikecity.ro\/ro\/confidentialitate\/"]}]},{"@type":"BreadcrumbList","@id":"https:\/\/www.sloboziabikecity.ro\/ro\/confidentialitate\/#breadcrumb","itemListElement":[{"@type":"ListItem","position":1,"name":"Startseite","item":"https:\/\/www.sloboziabikecity.ro\/ro\/"},{"@type":"ListItem","position":2,"name":"Confiden\u021bialitate"}]},{"@type":"WebSite","@id":"https:\/\/www.sloboziabikecity.ro\/ro\/#website","url":"https:\/\/www.sloboziabikecity.ro\/ro\/","name":"Sloboziabikecity","description":"Eine weitere Nextbike Websites Website","potentialAction":[{"@type":"SearchAction","target":{"@type":"EntryPoint","urlTemplate":"https:\/\/www.sloboziabikecity.ro\/ro\/?s={search_term_string}"},"query-input":{"@type":"PropertyValueSpecification","valueRequired":true,"valueName":"search_term_string"}}],"inLanguage":"ro-RO"}]}},"_links":{"self":[{"href":"https:\/\/www.sloboziabikecity.ro\/ro\/wp-json\/wp\/v2\/pages\/119","targetHints":{"allow":["GET"]}}],"collection":[{"href":"https:\/\/www.sloboziabikecity.ro\/ro\/wp-json\/wp\/v2\/pages"}],"about":[{"href":"https:\/\/www.sloboziabikecity.ro\/ro\/wp-json\/wp\/v2\/types\/page"}],"author":[{"embeddable":true,"href":"https:\/\/www.sloboziabikecity.ro\/ro\/wp-json\/wp\/v2\/users\/5"}],"replies":[{"embeddable":true,"href":"https:\/\/www.sloboziabikecity.ro\/ro\/wp-json\/wp\/v2\/comments?post=119"}],"version-history":[{"count":3,"href":"https:\/\/www.sloboziabikecity.ro\/ro\/wp-json\/wp\/v2\/pages\/119\/revisions"}],"predecessor-version":[{"id":239,"href":"https:\/\/www.sloboziabikecity.ro\/ro\/wp-json\/wp\/v2\/pages\/119\/revisions\/239"}],"wp:attachment":[{"href":"https:\/\/www.sloboziabikecity.ro\/ro\/wp-json\/wp\/v2\/media?parent=119"}],"curies":[{"name":"wp","href":"https:\/\/api.w.org\/{rel}","templated":true}]}}